{"id":384,"date":"2022-11-15T15:42:47","date_gmt":"2022-11-15T14:42:47","guid":{"rendered":"https:\/\/silosystem.hemhosting.se\/aterforsaljare\/"},"modified":"2025-02-18T08:51:08","modified_gmt":"2025-02-18T07:51:08","slug":"dealers","status":"publish","type":"page","link":"https:\/\/silosystem.dk\/en\/dealers\/","title":{"rendered":"Dealers"},"content":{"rendered":"\t\t<div data-elementor-type=\"wp-page\" data-elementor-id=\"384\" class=\"elementor elementor-384 elementor-66\" data-elementor-post-type=\"page\">\n\t\t\t\t\t\t<section class=\"elementor-section elementor-top-section elementor-element elementor-element-8bbdaa9 elementor-section-boxed elementor-section-height-default elementor-section-height-default\" data-id=\"8bbdaa9\" data-element_type=\"section\" data-settings=\"{&quot;background_background&quot;:&quot;classic&quot;}\">\n\t\t\t\t\t\t<div class=\"elementor-container elementor-column-gap-default\">\n\t\t\t\t\t<div class=\"elementor-column elementor-col-100 elementor-top-column elementor-element elementor-element-65dd33f\" data-id=\"65dd33f\" data-element_type=\"column\">\n\t\t\t<div class=\"elementor-widget-wrap elementor-element-populated\">\n\t\t\t\t\t\t<section class=\"elementor-section elementor-inner-section elementor-element elementor-element-9647a4f elementor-section-full_width elementor-section-height-default elementor-section-height-default\" data-id=\"9647a4f\" data-element_type=\"section\" data-settings=\"{&quot;background_background&quot;:&quot;classic&quot;}\">\n\t\t\t\t\t\t<div class=\"elementor-container elementor-column-gap-default\">\n\t\t\t\t\t<div class=\"elementor-column elementor-col-100 elementor-inner-column elementor-element elementor-element-b2e2808\" data-id=\"b2e2808\" data-element_type=\"column\">\n\t\t\t<div class=\"elementor-widget-wrap elementor-element-populated\">\n\t\t\t\t\t\t<div class=\"elementor-element elementor-element-d0f001e elementor-widget elementor-widget-heading\" data-id=\"d0f001e\" data-element_type=\"widget\" data-widget_type=\"heading.default\">\n\t\t\t\t<div class=\"elementor-widget-container\">\n\t\t\t\t\t<h2 class=\"elementor-heading-title elementor-size-default\">Dealers<\/h2>\t\t\t\t<\/div>\n\t\t\t\t<\/div>\n\t\t\t\t\t<\/div>\n\t\t<\/div>\n\t\t\t\t\t<\/div>\n\t\t<\/section>\n\t\t\t\t<section class=\"elementor-section elementor-inner-section elementor-element elementor-element-87d668b elementor-section-full_width elementor-section-height-default elementor-section-height-default\" data-id=\"87d668b\" data-element_type=\"section\" data-settings=\"{&quot;background_background&quot;:&quot;classic&quot;}\">\n\t\t\t\t\t\t<div class=\"elementor-container elementor-column-gap-default\">\n\t\t\t\t\t<div class=\"elementor-column elementor-col-33 elementor-inner-column elementor-element elementor-element-737f508\" data-id=\"737f508\" data-element_type=\"column\">\n\t\t\t<div class=\"elementor-widget-wrap elementor-element-populated\">\n\t\t\t\t\t\t<div class=\"elementor-element elementor-element-919b818 elementor-widget elementor-widget-heading\" data-id=\"919b818\" data-element_type=\"widget\" data-widget_type=\"heading.default\">\n\t\t\t\t<div class=\"elementor-widget-container\">\n\t\t\t\t\t<h4 class=\"elementor-heading-title elementor-size-default\">Danmark<\/h4>\t\t\t\t<\/div>\n\t\t\t\t<\/div>\n\t\t\t\t<div class=\"elementor-element elementor-element-306da55 elementor-widget elementor-widget-text-editor\" data-id=\"306da55\" data-element_type=\"widget\" data-widget_type=\"text-editor.default\">\n\t\t\t\t<div class=\"elementor-widget-container\">\n\t\t\t\t\t\t\t\t\t<p><strong>Silo System Norden AB<\/strong><br \/>Stora V\u00e4gen 80<br \/>SE-513 33 Fristad, Sweden<br \/>Tel: +46 (0)70 547 34 14<br \/><a href=\"mailto:mail@silosystem.dk\">mail@silosystem.dk<\/a><\/p>\t\t\t\t\t\t\t\t<\/div>\n\t\t\t\t<\/div>\n\t\t\t\t\t<\/div>\n\t\t<\/div>\n\t\t\t\t<div class=\"elementor-column elementor-col-33 elementor-inner-column elementor-element elementor-element-a8ee59e\" data-id=\"a8ee59e\" data-element_type=\"column\">\n\t\t\t<div class=\"elementor-widget-wrap elementor-element-populated\">\n\t\t\t\t\t\t<div class=\"elementor-element elementor-element-022c035 elementor-widget elementor-widget-heading\" data-id=\"022c035\" data-element_type=\"widget\" data-widget_type=\"heading.default\">\n\t\t\t\t<div class=\"elementor-widget-container\">\n\t\t\t\t\t<h4 class=\"elementor-heading-title elementor-size-default\">Finland<\/h4>\t\t\t\t<\/div>\n\t\t\t\t<\/div>\n\t\t\t\t<div class=\"elementor-element elementor-element-b70b24e elementor-widget elementor-widget-text-editor\" data-id=\"b70b24e\" data-element_type=\"widget\" data-widget_type=\"text-editor.default\">\n\t\t\t\t<div class=\"elementor-widget-container\">\n\t\t\t\t\t\t\t\t\t<p><strong>Finnvacum Oy Ab<\/strong><br \/>Kraputie 4-6<br \/>00890 Helsinki<br \/>Puh: (09) 2786 250<br \/>Fax: (09) 8777 118 (konttori)<br \/>Fax: (09) 8777 018<br \/><a href=\"mailto:Magnus.nyberg@finnvacum.fi\">Magnus.nyberg@finnvacum.fi<\/a><\/p>\t\t\t\t\t\t\t\t<\/div>\n\t\t\t\t<\/div>\n\t\t\t\t\t<\/div>\n\t\t<\/div>\n\t\t\t\t<div class=\"elementor-column elementor-col-33 elementor-inner-column elementor-element elementor-element-e2ecb27\" data-id=\"e2ecb27\" data-element_type=\"column\">\n\t\t\t<div class=\"elementor-widget-wrap elementor-element-populated\">\n\t\t\t\t\t\t<div class=\"elementor-element elementor-element-5ba531e elementor-widget elementor-widget-heading\" data-id=\"5ba531e\" data-element_type=\"widget\" data-widget_type=\"heading.default\">\n\t\t\t\t<div class=\"elementor-widget-container\">\n\t\t\t\t\t<h4 class=\"elementor-heading-title elementor-size-default\">Norge<\/h4>\t\t\t\t<\/div>\n\t\t\t\t<\/div>\n\t\t\t\t<div class=\"elementor-element elementor-element-09f90d8 elementor-widget elementor-widget-text-editor\" data-id=\"09f90d8\" data-element_type=\"widget\" data-widget_type=\"text-editor.default\">\n\t\t\t\t<div class=\"elementor-widget-container\">\n\t\t\t\t\t\t\t\t\t<p><strong>L\u00f8ver Service AS<\/strong><br \/>Bingsveien 15,<br \/>NO-3330 Skotselv, Norge<br \/>Tel: +47 979 70 762<br \/><a href=\"https:\/\/www.loever-service.no\/\" target=\"_blank\" rel=\"noopener\">www.loever-service.no<\/a><br \/><a href=\"mailto:arnt.petter@loever-service.no\">arnt.petter@loever-service.no<\/a><\/p>\t\t\t\t\t\t\t\t<\/div>\n\t\t\t\t<\/div>\n\t\t\t\t\t<\/div>\n\t\t<\/div>\n\t\t\t\t\t<\/div>\n\t\t<\/section>\n\t\t\t\t<section class=\"elementor-section elementor-inner-section elementor-element elementor-element-0e9d968 elementor-section-full_width elementor-section-height-default elementor-section-height-default\" data-id=\"0e9d968\" data-element_type=\"section\" data-settings=\"{&quot;background_background&quot;:&quot;classic&quot;}\">\n\t\t\t\t\t\t<div class=\"elementor-container elementor-column-gap-default\">\n\t\t\t\t\t<div class=\"elementor-column elementor-col-33 elementor-inner-column elementor-element elementor-element-fed2f1a\" data-id=\"fed2f1a\" data-element_type=\"column\">\n\t\t\t<div class=\"elementor-widget-wrap elementor-element-populated\">\n\t\t\t\t\t\t<div class=\"elementor-element elementor-element-0bc825f elementor-widget elementor-widget-heading\" data-id=\"0bc825f\" data-element_type=\"widget\" data-widget_type=\"heading.default\">\n\t\t\t\t<div class=\"elementor-widget-container\">\n\t\t\t\t\t<h4 class=\"elementor-heading-title elementor-size-default\">Sverige<\/h4>\t\t\t\t<\/div>\n\t\t\t\t<\/div>\n\t\t\t\t<div class=\"elementor-element elementor-element-05daa1e elementor-widget elementor-widget-text-editor\" data-id=\"05daa1e\" data-element_type=\"widget\" data-widget_type=\"text-editor.default\">\n\t\t\t\t<div class=\"elementor-widget-container\">\n\t\t\t\t\t\t\t\t\t<p><strong>Lundvalls i Bor\u00e5s AB<\/strong><br \/>Stora V\u00e4gen 80<br \/>SE-513 33 Fristad, Sweden<br \/>Tel: +46 33 13 67 00<br \/>Fax: +46 33 13 67 03<br \/><a href=\"mailto:info@lundvalls.se\">info@lundvalls.se<\/a><br \/><a href=\"http:\/\/www.lundvalls.se\" target=\"_blank\" rel=\"noopener\">www.lundvalls.se<\/a><\/p>\t\t\t\t\t\t\t\t<\/div>\n\t\t\t\t<\/div>\n\t\t\t\t\t<\/div>\n\t\t<\/div>\n\t\t\t\t<div class=\"elementor-column elementor-col-33 elementor-inner-column elementor-element elementor-element-b249e57\" data-id=\"b249e57\" data-element_type=\"column\">\n\t\t\t<div class=\"elementor-widget-wrap elementor-element-populated\">\n\t\t\t\t\t\t<div class=\"elementor-element elementor-element-76be558 elementor-widget elementor-widget-heading\" data-id=\"76be558\" data-element_type=\"widget\" data-widget_type=\"heading.default\">\n\t\t\t\t<div class=\"elementor-widget-container\">\n\t\t\t\t\t<h4 class=\"elementor-heading-title elementor-size-default\">Kanada<\/h4>\t\t\t\t<\/div>\n\t\t\t\t<\/div>\n\t\t\t\t<div class=\"elementor-element elementor-element-0be8539 elementor-widget elementor-widget-text-editor\" data-id=\"0be8539\" data-element_type=\"widget\" data-widget_type=\"text-editor.default\">\n\t\t\t\t<div class=\"elementor-widget-container\">\n\t\t\t\t\t\t\t\t\t<strong>Superior Bakery Systems INC.<\/strong><br>\n11 King St., unit 5<br>\nBarrie, Ontario, Canada, L4N 6B5<br>\nPhone: 705.503.6100<br>\nCell: 647.924.5300<br>\n<a href=\"mailto:info@superiorbakerysystems.com\">info@superiorbakerysystems.com<\/a><br>\n<a href=\"https:\/\/superiorbakerysystems.com\/\" target=\"_blank\" rel=\"noopener\">www.superiorbakerysystems.com<\/a>\t\t\t\t\t\t\t\t<\/div>\n\t\t\t\t<\/div>\n\t\t\t\t\t<\/div>\n\t\t<\/div>\n\t\t\t\t<div class=\"elementor-column elementor-col-33 elementor-inner-column elementor-element elementor-element-507d145\" data-id=\"507d145\" data-element_type=\"column\">\n\t\t\t<div class=\"elementor-widget-wrap elementor-element-populated\">\n\t\t\t\t\t\t<div class=\"elementor-element elementor-element-bd93e3c elementor-widget elementor-widget-heading\" data-id=\"bd93e3c\" data-element_type=\"widget\" data-widget_type=\"heading.default\">\n\t\t\t\t<div class=\"elementor-widget-container\">\n\t\t\t\t\t<h4 class=\"elementor-heading-title elementor-size-default\">USA<\/h4>\t\t\t\t<\/div>\n\t\t\t\t<\/div>\n\t\t\t\t<div class=\"elementor-element elementor-element-257e8b9 elementor-widget elementor-widget-text-editor\" data-id=\"257e8b9\" data-element_type=\"widget\" data-widget_type=\"text-editor.default\">\n\t\t\t\t<div class=\"elementor-widget-container\">\n\t\t\t\t\t\t\t\t\t<strong>Superior Bakery Systems INC.<\/strong><br>\n11 King St., unit 5<br>\nBarrie, Ontario, Canada, L4N 6B5<br>\nPhone: 705.503.6100<br>\nCell: 647.924.5300<br>\n<a href=\"mailto:info@superiorbakerysystems.com\">info@superiorbakerysystems.com<\/a><br>\n<a href=\"https:\/\/superiorbakerysystems.com\/\" target=\"_blank\" rel=\"noopener\">www.superiorbakerysystems.com<\/a>\t\t\t\t\t\t\t\t<\/div>\n\t\t\t\t<\/div>\n\t\t\t\t\t<\/div>\n\t\t<\/div>\n\t\t\t\t\t<\/div>\n\t\t<\/section>\n\t\t\t\t<section class=\"elementor-section elementor-inner-section elementor-element elementor-element-7378e56 elementor-section-full_width elementor-section-height-default elementor-section-height-default\" data-id=\"7378e56\" data-element_type=\"section\" data-settings=\"{&quot;background_background&quot;:&quot;classic&quot;}\">\n\t\t\t\t\t\t<div class=\"elementor-container elementor-column-gap-default\">\n\t\t\t\t\t<div class=\"elementor-column elementor-col-33 elementor-inner-column elementor-element elementor-element-52b744e\" data-id=\"52b744e\" data-element_type=\"column\">\n\t\t\t<div class=\"elementor-widget-wrap elementor-element-populated\">\n\t\t\t\t\t\t<div class=\"elementor-element elementor-element-b756652 elementor-widget elementor-widget-heading\" data-id=\"b756652\" data-element_type=\"widget\" data-widget_type=\"heading.default\">\n\t\t\t\t<div class=\"elementor-widget-container\">\n\t\t\t\t\t<h4 class=\"elementor-heading-title elementor-size-default\">Tjeckien<\/h4>\t\t\t\t<\/div>\n\t\t\t\t<\/div>\n\t\t\t\t<div class=\"elementor-element elementor-element-ce13105 elementor-widget elementor-widget-text-editor\" data-id=\"ce13105\" data-element_type=\"widget\" data-widget_type=\"text-editor.default\">\n\t\t\t\t<div class=\"elementor-widget-container\">\n\t\t\t\t\t\t\t\t\t<p><strong>Omega CZ spol. s r.o.<\/strong><br \/>N\u00e1chodsk\u00e1 2552<br \/>193 00 Praha 9 &#8211; Horn\u00ed Po\u010dernice<br \/>Tel: +420 281 021 420<br \/>Fax: +420 281 021 450<br \/><a href=\"mailto:omega@omega-bakery.com\">omega@omega-bakery.com<\/a><\/p>\t\t\t\t\t\t\t\t<\/div>\n\t\t\t\t<\/div>\n\t\t\t\t\t<\/div>\n\t\t<\/div>\n\t\t\t\t<div class=\"elementor-column elementor-col-33 elementor-inner-column elementor-element elementor-element-7e17c60\" data-id=\"7e17c60\" data-element_type=\"column\">\n\t\t\t<div class=\"elementor-widget-wrap elementor-element-populated\">\n\t\t\t\t\t\t<div class=\"elementor-element elementor-element-3257eb0 elementor-widget elementor-widget-heading\" data-id=\"3257eb0\" data-element_type=\"widget\" data-widget_type=\"heading.default\">\n\t\t\t\t<div class=\"elementor-widget-container\">\n\t\t\t\t\t<h4 class=\"elementor-heading-title elementor-size-default\">SLOVAKIEN<\/h4>\t\t\t\t<\/div>\n\t\t\t\t<\/div>\n\t\t\t\t<div class=\"elementor-element elementor-element-ef8fd54 elementor-widget elementor-widget-text-editor\" data-id=\"ef8fd54\" data-element_type=\"widget\" data-widget_type=\"text-editor.default\">\n\t\t\t\t<div class=\"elementor-widget-container\">\n\t\t\t\t\t\t\t\t\t<strong>Omega Slovakia spol. s r.o.<\/strong><br>\nDielensk\u00e1 Kru\u017en\u00e1<br>\n38 038 61 Vr\u00fatky<br>\nTel: +421 43 4009011<br>\nFax: +421 43 4009020<br>\n<a href=\"mailto:omegask@omega-bakery.com\">omegask@omega-bakery.com<\/a>\t\t\t\t\t\t\t\t<\/div>\n\t\t\t\t<\/div>\n\t\t\t\t\t<\/div>\n\t\t<\/div>\n\t\t\t\t<div class=\"elementor-column elementor-col-33 elementor-inner-column elementor-element elementor-element-cd15342\" data-id=\"cd15342\" data-element_type=\"column\">\n\t\t\t<div class=\"elementor-widget-wrap\">\n\t\t\t\t\t\t\t<\/div>\n\t\t<\/div>\n\t\t\t\t\t<\/div>\n\t\t<\/section>\n\t\t\t\t\t<\/div>\n\t\t<\/div>\n\t\t\t\t\t<\/div>\n\t\t<\/section>\n\t\t\t\t<\/div>\n\t\t","protected":false},"excerpt":{"rendered":"<p>Dealers Danmark Silo System Norden ABStora V\u00e4gen 80SE-513 33 Fristad, SwedenTel: +46 (0)70 547 34 14mail@silosystem.dk Finland Finnvacum Oy AbKraputie 4-600890 HelsinkiPuh: (09) 2786 250Fax: (09) 8777 118 (konttori)Fax: (09) 8777 018Magnus.nyberg@finnvacum.fi Norge L\u00f8ver Service ASBingsveien 15,NO-3330 Skotselv, NorgeTel: +47 979 70 762www.loever-service.noarnt.petter@loever-service.no Sverige Lundvalls i Bor\u00e5s ABStora V\u00e4gen 80SE-513 33 Fristad, SwedenTel: +46 33 [&hellip;]<\/p>\n","protected":false},"author":1,"featured_media":0,"parent":0,"menu_order":0,"comment_status":"closed","ping_status":"closed","template":"","meta":{"footnotes":""},"class_list":["post-384","page","type-page","status-publish","hentry"],"_links":{"self":[{"href":"https:\/\/silosystem.dk\/en\/wp-json\/wp\/v2\/pages\/384","targetHints":{"allow":["GET"]}}],"collection":[{"href":"https:\/\/silosystem.dk\/en\/wp-json\/wp\/v2\/pages"}],"about":[{"href":"https:\/\/silosystem.dk\/en\/wp-json\/wp\/v2\/types\/page"}],"author":[{"embeddable":true,"href":"https:\/\/silosystem.dk\/en\/wp-json\/wp\/v2\/users\/1"}],"replies":[{"embeddable":true,"href":"https:\/\/silosystem.dk\/en\/wp-json\/wp\/v2\/comments?post=384"}],"version-history":[{"count":3,"href":"https:\/\/silosystem.dk\/en\/wp-json\/wp\/v2\/pages\/384\/revisions"}],"predecessor-version":[{"id":495,"href":"https:\/\/silosystem.dk\/en\/wp-json\/wp\/v2\/pages\/384\/revisions\/495"}],"wp:attachment":[{"href":"https:\/\/silosystem.dk\/en\/wp-json\/wp\/v2\/media?parent=384"}],"curies":[{"name":"wp","href":"https:\/\/api.w.org\/{rel}","templated":true}]}}