{"id":20,"date":"2022-11-15T09:37:34","date_gmt":"2022-11-15T08:37:34","guid":{"rendered":"https:\/\/silosystem.hemhosting.se\/?page_id=20"},"modified":"2022-12-19T16:10:08","modified_gmt":"2022-12-19T15:10:08","slug":"home","status":"publish","type":"page","link":"https:\/\/silosystem.dk\/sv\/","title":{"rendered":"home"},"content":{"rendered":"\t\t<div data-elementor-type=\"wp-page\" data-elementor-id=\"20\" class=\"elementor elementor-20\" data-elementor-post-type=\"page\">\n\t\t\t\t\t\t<section class=\"elementor-section elementor-top-section elementor-element elementor-element-a97d4c2 elementor-section-boxed elementor-section-height-default elementor-section-height-default\" data-id=\"a97d4c2\" data-element_type=\"section\" data-settings=\"{&quot;background_background&quot;:&quot;classic&quot;}\">\n\t\t\t\t\t\t<div class=\"elementor-container elementor-column-gap-default\">\n\t\t\t\t\t<div class=\"elementor-column elementor-col-100 elementor-top-column elementor-element elementor-element-78133bc2\" data-id=\"78133bc2\" data-element_type=\"column\">\n\t\t\t<div class=\"elementor-widget-wrap elementor-element-populated\">\n\t\t\t\t\t\t<div class=\"elementor-element elementor-element-28d77de9 elementor--h-position-left elementor--v-position-middle elementor-arrows-position-inside elementor-pagination-position-inside elementor-widget elementor-widget-slides\" data-id=\"28d77de9\" data-element_type=\"widget\" data-settings=\"{&quot;navigation&quot;:&quot;both&quot;,&quot;autoplay&quot;:&quot;yes&quot;,&quot;pause_on_hover&quot;:&quot;yes&quot;,&quot;pause_on_interaction&quot;:&quot;yes&quot;,&quot;autoplay_speed&quot;:5000,&quot;infinite&quot;:&quot;yes&quot;,&quot;transition&quot;:&quot;slide&quot;,&quot;transition_speed&quot;:500}\" data-widget_type=\"slides.default\">\n\t\t\t\t<div class=\"elementor-widget-container\">\n\t\t\t\t\t\t\t\t\t<div class=\"elementor-swiper\">\n\t\t\t\t\t<div class=\"elementor-slides-wrapper elementor-main-swiper swiper\" role=\"region\" aria-roledescription=\"carousel\" aria-label=\"Bildspel\" dir=\"ltr\" data-animation=\"fadeInUp\">\n\t\t\t\t<div class=\"swiper-wrapper elementor-slides\">\n\t\t\t\t\t\t\t\t\t\t<div class=\"elementor-repeater-item-992c7ab swiper-slide\" role=\"group\" aria-roledescription=\"slide\"><div class=\"swiper-slide-bg\" role=\"img\"><\/div><div class=\"elementor-background-overlay\"><\/div><div class=\"swiper-slide-inner\" ><div class=\"swiper-slide-contents\"><div class=\"elementor-slide-heading\">Silo System Norden AB<\/div><div class=\"elementor-slide-description\">Computerized ingredient plants<\/div><\/div><\/div><\/div><div class=\"elementor-repeater-item-c82149c swiper-slide\" role=\"group\" aria-roledescription=\"slide\"><div class=\"swiper-slide-bg\" role=\"img\"><\/div><div class=\"elementor-background-overlay\"><\/div><div class=\"swiper-slide-inner\" ><div class=\"swiper-slide-contents\"><div class=\"elementor-slide-heading\">Silo System Norden AB<\/div><div class=\"elementor-slide-description\">Computerized ingredient plants<\/div><\/div><\/div><\/div><div class=\"elementor-repeater-item-928e5d3 swiper-slide\" role=\"group\" aria-roledescription=\"slide\"><div class=\"swiper-slide-bg\" role=\"img\"><\/div><div class=\"elementor-background-overlay\"><\/div><div class=\"swiper-slide-inner\" ><div class=\"swiper-slide-contents\"><div class=\"elementor-slide-heading\">Silo System Norden AB<\/div><div class=\"elementor-slide-description\">Silo plants for flour, grain and sugar<\/div><\/div><\/div><\/div>\t\t\t\t<\/div>\n\t\t\t\t\t\t\t\t\t\t\t\t\t\t\t<div class=\"swiper-pagination\"><\/div>\n\t\t\t\t\t\t\t\t\t\t\t\t\t\t\t\t<div class=\"elementor-swiper-button elementor-swiper-button-prev\" role=\"button\" tabindex=\"0\" aria-label=\"F\u00f6reg\u00e5ende bild\">\n\t\t\t\t\t\t\t<i aria-hidden=\"true\" class=\"eicon-chevron-left\"><\/i>\t\t\t\t\t\t<\/div>\n\t\t\t\t\t\t<div class=\"elementor-swiper-button elementor-swiper-button-next\" role=\"button\" tabindex=\"0\" aria-label=\"N\u00e4sta bild\">\n\t\t\t\t\t\t\t<i aria-hidden=\"true\" class=\"eicon-chevron-right\"><\/i>\t\t\t\t\t\t<\/div>\n\t\t\t\t\t\t\t\t\t\t\t\t<\/div>\n\t\t\t\t<\/div>\n\t\t\t\t\t\t\t\t<\/div>\n\t\t\t\t<\/div>\n\t\t\t\t\t<\/div>\n\t\t<\/div>\n\t\t\t\t\t<\/div>\n\t\t<\/section>\n\t\t\t\t<section class=\"elementor-section elementor-top-section elementor-element elementor-element-2ecb58a0 elementor-section-boxed elementor-section-height-default elementor-section-height-default\" data-id=\"2ecb58a0\" data-element_type=\"section\" data-settings=\"{&quot;background_background&quot;:&quot;classic&quot;}\">\n\t\t\t\t\t\t<div class=\"elementor-container elementor-column-gap-default\">\n\t\t\t\t\t<div class=\"elementor-column elementor-col-100 elementor-top-column elementor-element elementor-element-32884063\" data-id=\"32884063\" data-element_type=\"column\">\n\t\t\t<div class=\"elementor-widget-wrap elementor-element-populated\">\n\t\t\t\t\t\t<section class=\"elementor-section elementor-inner-section elementor-element elementor-element-155d771b elementor-section-full_width elementor-section-height-default elementor-section-height-default\" data-id=\"155d771b\" data-element_type=\"section\" data-settings=\"{&quot;background_background&quot;:&quot;classic&quot;}\">\n\t\t\t\t\t\t<div class=\"elementor-container elementor-column-gap-default\">\n\t\t\t\t\t<div class=\"elementor-column elementor-col-100 elementor-inner-column elementor-element elementor-element-210a9a60\" data-id=\"210a9a60\" data-element_type=\"column\">\n\t\t\t<div class=\"elementor-widget-wrap elementor-element-populated\">\n\t\t\t\t\t\t<div class=\"elementor-element elementor-element-327967de elementor-widget__width-initial elementor-widget elementor-widget-heading\" data-id=\"327967de\" data-element_type=\"widget\" data-widget_type=\"heading.default\">\n\t\t\t\t<div class=\"elementor-widget-container\">\n\t\t\t\t\t<h2 class=\"elementor-heading-title elementor-size-default\">V\u00e4lkommen till silosystem Norden AB<\/h2>\t\t\t\t<\/div>\n\t\t\t\t<\/div>\n\t\t\t\t<div class=\"elementor-element elementor-element-b47d09d elementor-widget__width-initial elementor-widget elementor-widget-text-editor\" data-id=\"b47d09d\" data-element_type=\"widget\" data-widget_type=\"text-editor.default\">\n\t\t\t\t<div class=\"elementor-widget-container\">\n\t\t\t\t\t\t\t\t\t<p>Silo System \u00e4r v\u00e4lk\u00e4nt p\u00e5 marknaden som en seri\u00f6s och kompetent leverant\u00f6r inom f\u00f6ljande omr\u00e5den:<\/p><p>Siloanl\u00e4ggningar f\u00f6r pulver och flytande inom livsmedelsindustrin<br \/>Receptbaserade process styrningssystem<\/p><p><br \/>V\u00e5rt m\u00e5l \u00e4r att l\u00f6sa kundens uppgifter efter de h\u00f6gsta standarder. Detta s\u00e4kerst\u00e4lls genom v\u00e5r erfarna och h\u00f6gt kvalificerade personal, som har den fulla kompetensen att f\u00f6rfina produkten till det perfekta, samt att bidra till ett optimalt samspel mellan alla projektets involverade parter. Det har v\u00e5r h\u00f6gsta prioritet att f\u00f6rs\u00e4kra oss om en n\u00f6jd kund i s\u00e5v\u00e4l projekteringsfasen som under installation, ig\u00e5ngk\u00f6rning, utbildning av kundens personal samt i f\u00f6rbindelse med eftermarknad och service.<\/p><p>Silo System Norden AB arbetar i m\u00e5nga olika l\u00e4nder genom ett n\u00e4t av \u00e5terf\u00f6rs\u00e4ljare och agenter som utg\u00f6r en effektiv kontakt mellan slutkund och Silo System Norden.<\/p>\t\t\t\t\t\t\t\t<\/div>\n\t\t\t\t<\/div>\n\t\t\t\t\t<\/div>\n\t\t<\/div>\n\t\t\t\t\t<\/div>\n\t\t<\/section>\n\t\t\t\t\t<\/div>\n\t\t<\/div>\n\t\t\t\t\t<\/div>\n\t\t<\/section>\n\t\t\t\t<\/div>\n\t\t","protected":false},"excerpt":{"rendered":"<p>Silo System Norden ABComputerized ingredient plantsSilo System Norden ABComputerized ingredient plantsSilo System Norden ABSilo plants for flour, grain and sugar F\u00f6reg\u00e5ende N\u00e4sta V\u00e4lkommen till silosystem Norden AB Silo System \u00e4r v\u00e4lk\u00e4nt p\u00e5 marknaden som en seri\u00f6s och kompetent leverant\u00f6r inom f\u00f6ljande omr\u00e5den: Siloanl\u00e4ggningar f\u00f6r pulver och flytande inom livsmedelsindustrinReceptbaserade process styrningssystem V\u00e5rt m\u00e5l \u00e4r att [&hellip;]<\/p>\n","protected":false},"author":1,"featured_media":0,"parent":0,"menu_order":0,"comment_status":"closed","ping_status":"closed","template":"","meta":{"footnotes":""},"class_list":["post-20","page","type-page","status-publish","hentry"],"_links":{"self":[{"href":"https:\/\/silosystem.dk\/sv\/wp-json\/wp\/v2\/pages\/20","targetHints":{"allow":["GET"]}}],"collection":[{"href":"https:\/\/silosystem.dk\/sv\/wp-json\/wp\/v2\/pages"}],"about":[{"href":"https:\/\/silosystem.dk\/sv\/wp-json\/wp\/v2\/types\/page"}],"author":[{"embeddable":true,"href":"https:\/\/silosystem.dk\/sv\/wp-json\/wp\/v2\/users\/1"}],"replies":[{"embeddable":true,"href":"https:\/\/silosystem.dk\/sv\/wp-json\/wp\/v2\/comments?post=20"}],"version-history":[{"count":0,"href":"https:\/\/silosystem.dk\/sv\/wp-json\/wp\/v2\/pages\/20\/revisions"}],"wp:attachment":[{"href":"https:\/\/silosystem.dk\/sv\/wp-json\/wp\/v2\/media?parent=20"}],"curies":[{"name":"wp","href":"https:\/\/api.w.org\/{rel}","templated":true}]}}