{"id":56,"date":"2022-11-15T15:36:30","date_gmt":"2022-11-15T14:36:30","guid":{"rendered":"https:\/\/silosystem.hemhosting.se\/?page_id=56"},"modified":"2023-01-09T13:33:30","modified_gmt":"2023-01-09T12:33:30","slug":"silos","status":"publish","type":"page","link":"https:\/\/silosystem.dk\/sv\/silos\/","title":{"rendered":"Silos"},"content":{"rendered":"\t\t<div data-elementor-type=\"wp-page\" data-elementor-id=\"56\" class=\"elementor elementor-56\" data-elementor-post-type=\"page\">\n\t\t\t\t\t\t<section class=\"elementor-section elementor-top-section elementor-element elementor-element-4380aaf9 elementor-section-boxed elementor-section-height-default elementor-section-height-default\" data-id=\"4380aaf9\" data-element_type=\"section\" data-settings=\"{&quot;background_background&quot;:&quot;classic&quot;}\">\n\t\t\t\t\t\t<div class=\"elementor-container elementor-column-gap-default\">\n\t\t\t\t\t<div class=\"elementor-column elementor-col-100 elementor-top-column elementor-element elementor-element-5bcd57\" data-id=\"5bcd57\" data-element_type=\"column\">\n\t\t\t<div class=\"elementor-widget-wrap elementor-element-populated\">\n\t\t\t\t\t\t<section class=\"elementor-section elementor-inner-section elementor-element elementor-element-570bf33b elementor-section-full_width elementor-section-height-default elementor-section-height-default\" data-id=\"570bf33b\" data-element_type=\"section\" data-settings=\"{&quot;background_background&quot;:&quot;classic&quot;}\">\n\t\t\t\t\t\t<div class=\"elementor-container elementor-column-gap-default\">\n\t\t\t\t\t<div class=\"elementor-column elementor-col-50 elementor-inner-column elementor-element elementor-element-3b9d3043\" data-id=\"3b9d3043\" data-element_type=\"column\">\n\t\t\t<div class=\"elementor-widget-wrap elementor-element-populated\">\n\t\t\t\t\t\t<div class=\"elementor-element elementor-element-1f6f853f elementor-widget elementor-widget-heading\" data-id=\"1f6f853f\" data-element_type=\"widget\" data-widget_type=\"heading.default\">\n\t\t\t\t<div class=\"elementor-widget-container\">\n\t\t\t\t\t<h2 class=\"elementor-heading-title elementor-size-default\">Silos<\/h2>\t\t\t\t<\/div>\n\t\t\t\t<\/div>\n\t\t\t\t<div class=\"elementor-element elementor-element-64dab428 elementor-widget elementor-widget-text-editor\" data-id=\"64dab428\" data-element_type=\"widget\" data-widget_type=\"text-editor.default\">\n\t\t\t\t<div class=\"elementor-widget-container\">\n\t\t\t\t\t\t\t\t\t<p>En silotank\u00b4s uppgift \u00e4r att bevara alla r\u00e5varans kvalite\u00e9r intakta s\u00e5 att den fortsatta hanteringen och bearbetningen kan fortl\u00f6pa problemfritt. Det \u00e4r p\u00e5 grund av detta som Silo System`s standardprogram av silos ger m\u00f6jligheter f\u00f6r s\u00e5 stora m\u00f6jligheter f\u00f6r kundanpassning och specialisering, detta f\u00f6r att i varje projekt leverera en perfekt anpassad silo.<br \/>Silo System Norden levererar silor med kapacitet fr\u00e5n 4 ton och upp\u00e5t \u2013 b\u00e5de i aluminium och rostfritt st\u00e5l, helsvetsade eller med bultf\u00f6rband.<\/p><p>Formen kan vara cylindrisk eller fyrkantig, allt efter uppgiften.<\/p><p>F\u00f6r avluftning av silotanken finns det flera olika filtertyper att v\u00e4lja mellan och vid behov kan silon \u00e4ven utrustas med olika s\u00e4kerhetsutrustningar som tex. Godk\u00e4nda membran f\u00f6r explosionsavlastning.<\/p><p>Silo Systems kompletta program omfattar b\u00e5de utomhus och inomhus tankar, f\u00f6r utomhus lagring av hygroskopiska r\u00e5varor (salt, och socker tex.) utrustas silon med isolerad kappa, temperaturkontroll och avfuktningsaggregat.<\/p>\t\t\t\t\t\t\t\t<\/div>\n\t\t\t\t<\/div>\n\t\t\t\t<div class=\"elementor-element elementor-element-daeeb93 elementor-widget elementor-widget-image\" data-id=\"daeeb93\" data-element_type=\"widget\" data-widget_type=\"image.default\">\n\t\t\t\t<div class=\"elementor-widget-container\">\n\t\t\t\t\t\t\t\t\t\t\t\t\t\t\t<img decoding=\"async\" width=\"250\" height=\"86\" src=\"https:\/\/silosystem.dk\/wp-content\/uploads\/2022\/11\/atex_logo.jpg\" class=\"attachment-large size-large wp-image-108\" alt=\"\" \/>\t\t\t\t\t\t\t\t\t\t\t\t\t\t\t<\/div>\n\t\t\t\t<\/div>\n\t\t\t\t<div class=\"elementor-element elementor-element-299731c elementor-widget elementor-widget-text-editor\" data-id=\"299731c\" data-element_type=\"widget\" data-widget_type=\"text-editor.default\">\n\t\t\t\t<div class=\"elementor-widget-container\">\n\t\t\t\t\t\t\t\t\tAlla v\u00e5ra produkter f\u00f6ljer kravspecifikationerna i ATEX\/EX direktiv.\t\t\t\t\t\t\t\t<\/div>\n\t\t\t\t<\/div>\n\t\t\t\t\t<\/div>\n\t\t<\/div>\n\t\t\t\t<div class=\"elementor-column elementor-col-50 elementor-inner-column elementor-element elementor-element-1bc9d4b9\" data-id=\"1bc9d4b9\" data-element_type=\"column\">\n\t\t\t<div class=\"elementor-widget-wrap elementor-element-populated\">\n\t\t\t\t\t\t<div class=\"elementor-element elementor-element-62787343 elementor-widget elementor-widget-image\" data-id=\"62787343\" data-element_type=\"widget\" data-widget_type=\"image.default\">\n\t\t\t\t<div class=\"elementor-widget-container\">\n\t\t\t\t\t\t\t\t\t\t\t\t\t\t\t<img fetchpriority=\"high\" decoding=\"async\" width=\"800\" height=\"800\" src=\"https:\/\/silosystem.dk\/wp-content\/uploads\/2022\/11\/luindvalls-silos.jpg\" class=\"attachment-large size-large wp-image-99\" alt=\"\" srcset=\"https:\/\/silosystem.dk\/wp-content\/uploads\/2022\/11\/luindvalls-silos.jpg 900w, https:\/\/silosystem.dk\/wp-content\/uploads\/2022\/11\/luindvalls-silos-300x300.jpg 300w, https:\/\/silosystem.dk\/wp-content\/uploads\/2022\/11\/luindvalls-silos-150x150.jpg 150w, https:\/\/silosystem.dk\/wp-content\/uploads\/2022\/11\/luindvalls-silos-768x768.jpg 768w\" sizes=\"(max-width: 800px) 100vw, 800px\" \/>\t\t\t\t\t\t\t\t\t\t\t\t\t\t\t<\/div>\n\t\t\t\t<\/div>\n\t\t\t\t\t<\/div>\n\t\t<\/div>\n\t\t\t\t\t<\/div>\n\t\t<\/section>\n\t\t\t\t\t<\/div>\n\t\t<\/div>\n\t\t\t\t\t<\/div>\n\t\t<\/section>\n\t\t\t\t<\/div>\n\t\t","protected":false},"excerpt":{"rendered":"<p>Silos En silotank\u00b4s uppgift \u00e4r att bevara alla r\u00e5varans kvalite\u00e9r intakta s\u00e5 att den fortsatta hanteringen och bearbetningen kan fortl\u00f6pa problemfritt. Det \u00e4r p\u00e5 grund av detta som Silo System`s standardprogram av silos ger m\u00f6jligheter f\u00f6r s\u00e5 stora m\u00f6jligheter f\u00f6r kundanpassning och specialisering, detta f\u00f6r att i varje projekt leverera en perfekt anpassad silo.Silo System [&hellip;]<\/p>\n","protected":false},"author":1,"featured_media":0,"parent":0,"menu_order":0,"comment_status":"closed","ping_status":"closed","template":"","meta":{"footnotes":""},"class_list":["post-56","page","type-page","status-publish","hentry"],"_links":{"self":[{"href":"https:\/\/silosystem.dk\/sv\/wp-json\/wp\/v2\/pages\/56","targetHints":{"allow":["GET"]}}],"collection":[{"href":"https:\/\/silosystem.dk\/sv\/wp-json\/wp\/v2\/pages"}],"about":[{"href":"https:\/\/silosystem.dk\/sv\/wp-json\/wp\/v2\/types\/page"}],"author":[{"embeddable":true,"href":"https:\/\/silosystem.dk\/sv\/wp-json\/wp\/v2\/users\/1"}],"replies":[{"embeddable":true,"href":"https:\/\/silosystem.dk\/sv\/wp-json\/wp\/v2\/comments?post=56"}],"version-history":[{"count":0,"href":"https:\/\/silosystem.dk\/sv\/wp-json\/wp\/v2\/pages\/56\/revisions"}],"wp:attachment":[{"href":"https:\/\/silosystem.dk\/sv\/wp-json\/wp\/v2\/media?parent=56"}],"curies":[{"name":"wp","href":"https:\/\/api.w.org\/{rel}","templated":true}]}}