{"id":58,"date":"2022-11-15T15:41:43","date_gmt":"2022-11-15T14:41:43","guid":{"rendered":"https:\/\/silosystem.hemhosting.se\/?page_id=58"},"modified":"2023-01-09T13:35:15","modified_gmt":"2023-01-09T12:35:15","slug":"uppvagning","status":"publish","type":"page","link":"https:\/\/silosystem.dk\/sv\/uppvagning\/","title":{"rendered":"Uppv\u00e4gning"},"content":{"rendered":"\t\t<div data-elementor-type=\"wp-page\" data-elementor-id=\"58\" class=\"elementor elementor-58\" data-elementor-post-type=\"page\">\n\t\t\t\t\t\t<section class=\"elementor-section elementor-top-section elementor-element elementor-element-263c9b4 elementor-section-boxed elementor-section-height-default elementor-section-height-default\" data-id=\"263c9b4\" data-element_type=\"section\" data-settings=\"{&quot;background_background&quot;:&quot;classic&quot;}\">\n\t\t\t\t\t\t<div class=\"elementor-container elementor-column-gap-default\">\n\t\t\t\t\t<div class=\"elementor-column elementor-col-100 elementor-top-column elementor-element elementor-element-8b29e9c\" data-id=\"8b29e9c\" data-element_type=\"column\">\n\t\t\t<div class=\"elementor-widget-wrap elementor-element-populated\">\n\t\t\t\t\t\t<section class=\"elementor-section elementor-inner-section elementor-element elementor-element-b525ae3 elementor-section-full_width elementor-reverse-tablet elementor-reverse-mobile elementor-section-height-default elementor-section-height-default\" data-id=\"b525ae3\" data-element_type=\"section\" data-settings=\"{&quot;background_background&quot;:&quot;classic&quot;}\">\n\t\t\t\t\t\t<div class=\"elementor-container elementor-column-gap-default\">\n\t\t\t\t\t<div class=\"elementor-column elementor-col-50 elementor-inner-column elementor-element elementor-element-6884e0a\" data-id=\"6884e0a\" data-element_type=\"column\">\n\t\t\t<div class=\"elementor-widget-wrap elementor-element-populated\">\n\t\t\t\t\t\t<div class=\"elementor-element elementor-element-3223dbd elementor-widget elementor-widget-heading\" data-id=\"3223dbd\" data-element_type=\"widget\" data-widget_type=\"heading.default\">\n\t\t\t\t<div class=\"elementor-widget-container\">\n\t\t\t\t\t<h2 class=\"elementor-heading-title elementor-size-default\">Uppv\u00e4gning<\/h2>\t\t\t\t<\/div>\n\t\t\t\t<\/div>\n\t\t\t\t<div class=\"elementor-element elementor-element-a9f0e5e elementor-widget elementor-widget-text-editor\" data-id=\"a9f0e5e\" data-element_type=\"widget\" data-widget_type=\"text-editor.default\">\n\t\t\t\t<div class=\"elementor-widget-container\">\n\t\t\t\t\t\t\t\t\t<p><strong>L\u00f6sningar f\u00f6r uppv\u00e4gning i produktionen.<\/strong><br \/>Solid konstruktion, teknisk perfektion samt enkel reng\u00f6rning och underh\u00e4ll \u00e4r n\u00e5gra av de viktigaste punkterna vi vill po\u00e4ngtera n\u00e4r det g\u00e4ller v\u00e5r uppv\u00e4gningsutrustning, de \u00e4r konstruerat f\u00f6r att motverka den konstanta p\u00e5verkan som alltid finns i dessa milj\u00f6er i form av fukt och damm. Allt b\u00f6rjar med erfarenhet och bepr\u00f6vad teknologi, en ren design, och kraftig konstruktion och i till\u00e4gg det genuint hantverksm\u00e4ssiga utf\u00f6randet som pr\u00e4glar varje del av utrustningen fr\u00e5n Silo System Norden AB.<\/p><p>Ut\u00f6ver sj\u00e4lva inv\u00e4gningsteknologin inneh\u00e5ller v\u00e5ra v\u00e5gstationer de b\u00e4sta l\u00f6sningarna f\u00f6r inom filterteknik, utlopp och t\u00f6mmningshj\u00e4lp. V\u00e5gbeh\u00e5laren kan monteras p\u00e5 standard stativ p\u00e5 golvet, h\u00e4ngas p\u00e5 v\u00e4gg eller i tak, kundspecifika l\u00f6sningar tillh\u00f6r numera vardag f\u00f6r oss. Dammlock som automatiskt s\u00e4nker sig ner \u00f6ver grytan \/ karet kan monteras p\u00e5 alla stativ. Den ultimata l\u00f6sningen f\u00f6r en dammfri milj\u00f6 \u00e4r v\u00e5rt dammutsugningssystem som kan kopplast som egen enhet eller anslutas till ett existerande system.<\/p><p>I vissa produktioner finns det ett antal degblandare\/mixers som anv\u00e4nder samma v\u00e5gstation, i dessa fall kan den monteras p\u00e5 en skena och flyttas mellan blandarna eller med med fallr\u00f6r kopplas de olika blandarna, varje l\u00f6sning skr\u00e4ddarsydd efter Era behov.<\/p>\t\t\t\t\t\t\t\t<\/div>\n\t\t\t\t<\/div>\n\t\t\t\t\t<\/div>\n\t\t<\/div>\n\t\t\t\t<div class=\"elementor-column elementor-col-50 elementor-inner-column elementor-element elementor-element-54cad99\" data-id=\"54cad99\" data-element_type=\"column\">\n\t\t\t<div class=\"elementor-widget-wrap elementor-element-populated\">\n\t\t\t\t\t\t<div class=\"elementor-element elementor-element-e6cabb9 elementor--h-position-center elementor--v-position-middle elementor-arrows-position-inside elementor-pagination-position-inside elementor-widget elementor-widget-slides\" data-id=\"e6cabb9\" data-element_type=\"widget\" data-settings=\"{&quot;navigation&quot;:&quot;both&quot;,&quot;autoplay&quot;:&quot;yes&quot;,&quot;pause_on_hover&quot;:&quot;yes&quot;,&quot;pause_on_interaction&quot;:&quot;yes&quot;,&quot;autoplay_speed&quot;:5000,&quot;infinite&quot;:&quot;yes&quot;,&quot;transition&quot;:&quot;slide&quot;,&quot;transition_speed&quot;:500}\" data-widget_type=\"slides.default\">\n\t\t\t\t<div class=\"elementor-widget-container\">\n\t\t\t\t\t\t\t\t\t<div class=\"elementor-swiper\">\n\t\t\t\t\t<div class=\"elementor-slides-wrapper elementor-main-swiper swiper\" role=\"region\" aria-roledescription=\"carousel\" aria-label=\"Bildspel\" dir=\"ltr\" data-animation=\"fadeInUp\">\n\t\t\t\t<div class=\"swiper-wrapper elementor-slides\">\n\t\t\t\t\t\t\t\t\t\t<div class=\"elementor-repeater-item-aa0dd3e swiper-slide\" role=\"group\" aria-roledescription=\"slide\"><div class=\"swiper-slide-bg\" role=\"img\"><\/div><div class=\"swiper-slide-inner\" ><div class=\"swiper-slide-contents\"><\/div><\/div><\/div><div class=\"elementor-repeater-item-1b5684a swiper-slide\" role=\"group\" aria-roledescription=\"slide\"><div class=\"swiper-slide-bg\" role=\"img\"><\/div><div class=\"swiper-slide-inner\" ><div class=\"swiper-slide-contents\"><\/div><\/div><\/div><div class=\"elementor-repeater-item-2f5e913 swiper-slide\" role=\"group\" aria-roledescription=\"slide\"><div class=\"swiper-slide-bg\" role=\"img\"><\/div><div class=\"swiper-slide-inner\" ><div class=\"swiper-slide-contents\"><\/div><\/div><\/div>\t\t\t\t<\/div>\n\t\t\t\t\t\t\t\t\t\t\t\t\t\t\t<div class=\"swiper-pagination\"><\/div>\n\t\t\t\t\t\t\t\t\t\t\t\t\t\t\t\t<div class=\"elementor-swiper-button elementor-swiper-button-prev\" role=\"button\" tabindex=\"0\" aria-label=\"F\u00f6reg\u00e5ende bild\">\n\t\t\t\t\t\t\t<i aria-hidden=\"true\" class=\"eicon-chevron-left\"><\/i>\t\t\t\t\t\t<\/div>\n\t\t\t\t\t\t<div class=\"elementor-swiper-button elementor-swiper-button-next\" role=\"button\" tabindex=\"0\" aria-label=\"N\u00e4sta bild\">\n\t\t\t\t\t\t\t<i aria-hidden=\"true\" class=\"eicon-chevron-right\"><\/i>\t\t\t\t\t\t<\/div>\n\t\t\t\t\t\t\t\t\t\t\t\t<\/div>\n\t\t\t\t<\/div>\n\t\t\t\t\t\t\t\t<\/div>\n\t\t\t\t<\/div>\n\t\t\t\t\t<\/div>\n\t\t<\/div>\n\t\t\t\t\t<\/div>\n\t\t<\/section>\n\t\t\t\t\t<\/div>\n\t\t<\/div>\n\t\t\t\t\t<\/div>\n\t\t<\/section>\n\t\t\t\t<\/div>\n\t\t","protected":false},"excerpt":{"rendered":"<p>Uppv\u00e4gning L\u00f6sningar f\u00f6r uppv\u00e4gning i produktionen.Solid konstruktion, teknisk perfektion samt enkel reng\u00f6rning och underh\u00e4ll \u00e4r n\u00e5gra av de viktigaste punkterna vi vill po\u00e4ngtera n\u00e4r det g\u00e4ller v\u00e5r uppv\u00e4gningsutrustning, de \u00e4r konstruerat f\u00f6r att motverka den konstanta p\u00e5verkan som alltid finns i dessa milj\u00f6er i form av fukt och damm. Allt b\u00f6rjar med erfarenhet och bepr\u00f6vad [&hellip;]<\/p>\n","protected":false},"author":1,"featured_media":0,"parent":0,"menu_order":0,"comment_status":"closed","ping_status":"closed","template":"","meta":{"footnotes":""},"class_list":["post-58","page","type-page","status-publish","hentry"],"_links":{"self":[{"href":"https:\/\/silosystem.dk\/sv\/wp-json\/wp\/v2\/pages\/58","targetHints":{"allow":["GET"]}}],"collection":[{"href":"https:\/\/silosystem.dk\/sv\/wp-json\/wp\/v2\/pages"}],"about":[{"href":"https:\/\/silosystem.dk\/sv\/wp-json\/wp\/v2\/types\/page"}],"author":[{"embeddable":true,"href":"https:\/\/silosystem.dk\/sv\/wp-json\/wp\/v2\/users\/1"}],"replies":[{"embeddable":true,"href":"https:\/\/silosystem.dk\/sv\/wp-json\/wp\/v2\/comments?post=58"}],"version-history":[{"count":0,"href":"https:\/\/silosystem.dk\/sv\/wp-json\/wp\/v2\/pages\/58\/revisions"}],"wp:attachment":[{"href":"https:\/\/silosystem.dk\/sv\/wp-json\/wp\/v2\/media?parent=58"}],"curies":[{"name":"wp","href":"https:\/\/api.w.org\/{rel}","templated":true}]}}