{"id":62,"date":"2022-11-15T15:42:29","date_gmt":"2022-11-15T14:42:29","guid":{"rendered":"https:\/\/silosystem.hemhosting.se\/?page_id=62"},"modified":"2023-01-09T13:39:10","modified_gmt":"2023-01-09T12:39:10","slug":"processtyrning","status":"publish","type":"page","link":"https:\/\/silosystem.dk\/sv\/processtyrning\/","title":{"rendered":"PROCESSTYRNING"},"content":{"rendered":"\t\t<div data-elementor-type=\"wp-page\" data-elementor-id=\"62\" class=\"elementor elementor-62\" data-elementor-post-type=\"page\">\n\t\t\t\t\t\t<section class=\"elementor-section elementor-top-section elementor-element elementor-element-abdaae6 elementor-section-boxed elementor-section-height-default elementor-section-height-default\" data-id=\"abdaae6\" data-element_type=\"section\" data-settings=\"{&quot;background_background&quot;:&quot;classic&quot;}\">\n\t\t\t\t\t\t<div class=\"elementor-container elementor-column-gap-default\">\n\t\t\t\t\t<div class=\"elementor-column elementor-col-100 elementor-top-column elementor-element elementor-element-d9b7300\" data-id=\"d9b7300\" data-element_type=\"column\">\n\t\t\t<div class=\"elementor-widget-wrap elementor-element-populated\">\n\t\t\t\t\t\t<section class=\"elementor-section elementor-inner-section elementor-element elementor-element-0a6712f elementor-section-full_width elementor-section-height-default elementor-section-height-default\" data-id=\"0a6712f\" data-element_type=\"section\" data-settings=\"{&quot;background_background&quot;:&quot;classic&quot;}\">\n\t\t\t\t\t\t<div class=\"elementor-container elementor-column-gap-default\">\n\t\t\t\t\t<div class=\"elementor-column elementor-col-50 elementor-inner-column elementor-element elementor-element-098209b\" data-id=\"098209b\" data-element_type=\"column\">\n\t\t\t<div class=\"elementor-widget-wrap elementor-element-populated\">\n\t\t\t\t\t\t<div class=\"elementor-element elementor-element-d22941a elementor-widget elementor-widget-heading\" data-id=\"d22941a\" data-element_type=\"widget\" data-widget_type=\"heading.default\">\n\t\t\t\t<div class=\"elementor-widget-container\">\n\t\t\t\t\t<h2 class=\"elementor-heading-title elementor-size-default\">Processtyring<\/h2>\t\t\t\t<\/div>\n\t\t\t\t<\/div>\n\t\t\t\t<div class=\"elementor-element elementor-element-276fa9f elementor-widget elementor-widget-text-editor\" data-id=\"276fa9f\" data-element_type=\"widget\" data-widget_type=\"text-editor.default\">\n\t\t\t\t<div class=\"elementor-widget-container\">\n\t\t\t\t\t\t\t\t\t<p><b>Receptdatorer och operat\u00f6rspaneler.<br \/><\/b>\u00c4ven det b\u00e4sta receptet misslyckas om inte all ingredienser doseras med h\u00f6gsta noggrannhet.<\/p><p>Genom m\u00e5nga \u00e5r har vi p\u00e5 Silo System utvecklat och tillverkat processtyrningssystem f\u00f6r m\u00e5nga olika sammanhang, fokus har hela tiden varit p\u00e5 automatisk inv\u00e4gning, en teknologi som anv\u00e4nds s\u00e5v\u00e4l i bagerier som i \u00f6vrig livsmedelsproduktion.<\/p><p>Idag b\u00f6rjar v\u00e5rt produktsortiment med den lilla operat\u00f6rspanelen \u201dLS2000\u201d, detta \u00e4r en enkel och l\u00e4ttanv\u00e4nd styrpanel som kan kontrollera upp till 5 st komponenter till en v\u00e5gstation. Den kan \u00e4ven visa inneh\u00e5ll i dina tankar p\u00e5 displayen som \u00e4r en 7\u201d touchscreen panel i f\u00e4rg.<\/p><p>F\u00f6r den lite st\u00f6rre produktionen har vi \u201dLS2000 VS\u201d, denna panel kan styra upp till 10 komponenter samt en bordsv\u00e5g f\u00f6r sm\u00e5 ingredienser och vattenblandare. \u00c4ven denna \u00e4r mycket l\u00e4tt att anv\u00e4nda och den visar hela ditt recept p\u00e5 sk\u00e4rmen s\u00e5 det finns inget behov f\u00f6r l\u00f6sa papper och dylikt. Det som v\u00e4gs upp p\u00e5 bords v\u00e5gen kvitteras p\u00e5 sk\u00e4rmen s\u00e5 inget gl\u00f6ms. Denna operat\u00f6rspanel levereras med 10\u201d touchscreen panel i f\u00e4rg.<\/p><p>F\u00f6r de som beh\u00f6ver en helt automatiserad uppv\u00e4gning av ingredienser har vi \u201dVISION 4000\u201d som \u00e4r en komplett l\u00f6sning f\u00f6r industriell produktion i livsmedelsbranchen. Vision 4000 \u00e4r ett windows basera program som bygger p\u00e5 en speciellt utvecklad process programvara fr\u00e5n Rockwell Software, Vision 4000 ing\u00e5r typiskt i en n\u00e4tverks baserad l\u00f6sning med fullst\u00e4ndig kontroll och dokumentation \u00f6ver produktionsf\u00f6rlopp och r\u00e5varuf\u00f6rbrukning vilket s\u00e4kerst\u00e4ller en effektiv produktion och kvalite.<\/p>\t\t\t\t\t\t\t\t<\/div>\n\t\t\t\t<\/div>\n\t\t\t\t\t<\/div>\n\t\t<\/div>\n\t\t\t\t<div class=\"elementor-column elementor-col-50 elementor-inner-column elementor-element elementor-element-e406fec\" data-id=\"e406fec\" data-element_type=\"column\">\n\t\t\t<div class=\"elementor-widget-wrap elementor-element-populated\">\n\t\t\t\t\t\t<div class=\"elementor-element elementor-element-a922fe8 elementor-widget elementor-widget-image\" data-id=\"a922fe8\" data-element_type=\"widget\" data-widget_type=\"image.default\">\n\t\t\t\t<div class=\"elementor-widget-container\">\n\t\t\t\t\t\t\t\t\t\t\t\t\t\t\t<img decoding=\"async\" width=\"156\" height=\"222\" src=\"https:\/\/silosystem.dk\/wp-content\/uploads\/2022\/11\/processtyring_org.jpg\" class=\"attachment-large size-large wp-image-141\" alt=\"\" \/>\t\t\t\t\t\t\t\t\t\t\t\t\t\t\t<\/div>\n\t\t\t\t<\/div>\n\t\t\t\t\t<\/div>\n\t\t<\/div>\n\t\t\t\t\t<\/div>\n\t\t<\/section>\n\t\t\t\t\t<\/div>\n\t\t<\/div>\n\t\t\t\t\t<\/div>\n\t\t<\/section>\n\t\t\t\t<\/div>\n\t\t","protected":false},"excerpt":{"rendered":"<p>Processtyring Receptdatorer och operat\u00f6rspaneler. \u00c4ven det b\u00e4sta receptet misslyckas om inte all ingredienser doseras med h\u00f6gsta noggrannhet. Genom m\u00e5nga \u00e5r har vi p\u00e5 Silo System utvecklat och tillverkat processtyrningssystem f\u00f6r m\u00e5nga olika sammanhang, fokus har hela tiden varit p\u00e5 automatisk inv\u00e4gning, en teknologi som anv\u00e4nds s\u00e5v\u00e4l i bagerier som i \u00f6vrig livsmedelsproduktion. Idag b\u00f6rjar v\u00e5rt [&hellip;]<\/p>\n","protected":false},"author":1,"featured_media":0,"parent":0,"menu_order":0,"comment_status":"closed","ping_status":"closed","template":"","meta":{"footnotes":""},"class_list":["post-62","page","type-page","status-publish","hentry"],"_links":{"self":[{"href":"https:\/\/silosystem.dk\/sv\/wp-json\/wp\/v2\/pages\/62","targetHints":{"allow":["GET"]}}],"collection":[{"href":"https:\/\/silosystem.dk\/sv\/wp-json\/wp\/v2\/pages"}],"about":[{"href":"https:\/\/silosystem.dk\/sv\/wp-json\/wp\/v2\/types\/page"}],"author":[{"embeddable":true,"href":"https:\/\/silosystem.dk\/sv\/wp-json\/wp\/v2\/users\/1"}],"replies":[{"embeddable":true,"href":"https:\/\/silosystem.dk\/sv\/wp-json\/wp\/v2\/comments?post=62"}],"version-history":[{"count":0,"href":"https:\/\/silosystem.dk\/sv\/wp-json\/wp\/v2\/pages\/62\/revisions"}],"wp:attachment":[{"href":"https:\/\/silosystem.dk\/sv\/wp-json\/wp\/v2\/media?parent=62"}],"curies":[{"name":"wp","href":"https:\/\/api.w.org\/{rel}","templated":true}]}}