{"id":68,"date":"2022-11-15T15:42:58","date_gmt":"2022-11-15T14:42:58","guid":{"rendered":"https:\/\/silosystem.hemhosting.se\/?page_id=68"},"modified":"2023-01-09T13:44:07","modified_gmt":"2023-01-09T12:44:07","slug":"flytande","status":"publish","type":"page","link":"https:\/\/silosystem.dk\/sv\/flytande\/","title":{"rendered":"FLYTANDE"},"content":{"rendered":"\t\t<div data-elementor-type=\"wp-page\" data-elementor-id=\"68\" class=\"elementor elementor-68\" data-elementor-post-type=\"page\">\n\t\t\t\t\t\t<section class=\"elementor-section elementor-top-section elementor-element elementor-element-8127fbb elementor-section-boxed elementor-section-height-default elementor-section-height-default\" data-id=\"8127fbb\" data-element_type=\"section\" data-settings=\"{&quot;background_background&quot;:&quot;classic&quot;}\">\n\t\t\t\t\t\t<div class=\"elementor-container elementor-column-gap-default\">\n\t\t\t\t\t<div class=\"elementor-column elementor-col-100 elementor-top-column elementor-element elementor-element-5ee8e26\" data-id=\"5ee8e26\" data-element_type=\"column\">\n\t\t\t<div class=\"elementor-widget-wrap elementor-element-populated\">\n\t\t\t\t\t\t<section class=\"elementor-section elementor-inner-section elementor-element elementor-element-db7c300 elementor-section-full_width elementor-section-height-default elementor-section-height-default\" data-id=\"db7c300\" data-element_type=\"section\" data-settings=\"{&quot;background_background&quot;:&quot;classic&quot;}\">\n\t\t\t\t\t\t<div class=\"elementor-container elementor-column-gap-default\">\n\t\t\t\t\t<div class=\"elementor-column elementor-col-50 elementor-inner-column elementor-element elementor-element-5249ffa\" data-id=\"5249ffa\" data-element_type=\"column\">\n\t\t\t<div class=\"elementor-widget-wrap elementor-element-populated\">\n\t\t\t\t\t\t<div class=\"elementor-element elementor-element-797357e elementor-widget elementor-widget-heading\" data-id=\"797357e\" data-element_type=\"widget\" data-widget_type=\"heading.default\">\n\t\t\t\t<div class=\"elementor-widget-container\">\n\t\t\t\t\t<h2 class=\"elementor-heading-title elementor-size-default\">FLYTANDE<\/h2>\t\t\t\t<\/div>\n\t\t\t\t<\/div>\n\t\t\t\t<div class=\"elementor-element elementor-element-cbc817c elementor-widget elementor-widget-text-editor\" data-id=\"cbc817c\" data-element_type=\"widget\" data-widget_type=\"text-editor.default\">\n\t\t\t\t<div class=\"elementor-widget-container\">\n\t\t\t\t\t\t\t\t\t<p>F\u00f6r de \u201dv\u00e5ta\u201d ingredienserna finns det ett flertal l\u00f6sningar med olika typer av h\u00f6gkvalitativa pumpar som alla \u00e4r EHEDG godk\u00e4nda. Vi anv\u00e4nder oss av olika typer av m\u00e4tmetoder beroende p\u00e5 \u00f6nskem\u00e5l fr\u00e5n kund, typ av produkt, noggrannhet och antal produkter som skall ing\u00e5, allt i samr\u00e5d med dig och dina \u00f6nskem\u00e5l som n\u00f6jd kund i fokus. Vi anv\u00e4nder pulsm\u00e4tning, fl\u00f6desm\u00e4tare och v\u00e4gning med v\u00e5gceller, allt beroende p\u00e5 projekt.<\/p><p>R\u00f6rsystem, ventiler, pumpar och liknande anpassas och monteras i dina lokaler f\u00f6r att passa ert behov.<\/p>\t\t\t\t\t\t\t\t<\/div>\n\t\t\t\t<\/div>\n\t\t\t\t\t<\/div>\n\t\t<\/div>\n\t\t\t\t<div class=\"elementor-column elementor-col-50 elementor-inner-column elementor-element elementor-element-ad91f36\" data-id=\"ad91f36\" data-element_type=\"column\">\n\t\t\t<div class=\"elementor-widget-wrap elementor-element-populated\">\n\t\t\t\t\t\t<div class=\"elementor-element elementor-element-d4d91b5 elementor-widget elementor-widget-image\" data-id=\"d4d91b5\" data-element_type=\"widget\" data-widget_type=\"image.default\">\n\t\t\t\t<div class=\"elementor-widget-container\">\n\t\t\t\t\t\t\t\t\t\t\t\t\t\t\t<img fetchpriority=\"high\" decoding=\"async\" width=\"800\" height=\"800\" src=\"https:\/\/silosystem.dk\/wp-content\/uploads\/2022\/11\/luindvalls-silos.jpg\" class=\"attachment-large size-large wp-image-99\" alt=\"\" srcset=\"https:\/\/silosystem.dk\/wp-content\/uploads\/2022\/11\/luindvalls-silos.jpg 900w, https:\/\/silosystem.dk\/wp-content\/uploads\/2022\/11\/luindvalls-silos-300x300.jpg 300w, https:\/\/silosystem.dk\/wp-content\/uploads\/2022\/11\/luindvalls-silos-150x150.jpg 150w, https:\/\/silosystem.dk\/wp-content\/uploads\/2022\/11\/luindvalls-silos-768x768.jpg 768w\" sizes=\"(max-width: 800px) 100vw, 800px\" \/>\t\t\t\t\t\t\t\t\t\t\t\t\t\t\t<\/div>\n\t\t\t\t<\/div>\n\t\t\t\t\t<\/div>\n\t\t<\/div>\n\t\t\t\t\t<\/div>\n\t\t<\/section>\n\t\t\t\t\t<\/div>\n\t\t<\/div>\n\t\t\t\t\t<\/div>\n\t\t<\/section>\n\t\t\t\t<\/div>\n\t\t","protected":false},"excerpt":{"rendered":"<p>FLYTANDE F\u00f6r de \u201dv\u00e5ta\u201d ingredienserna finns det ett flertal l\u00f6sningar med olika typer av h\u00f6gkvalitativa pumpar som alla \u00e4r EHEDG godk\u00e4nda. Vi anv\u00e4nder oss av olika typer av m\u00e4tmetoder beroende p\u00e5 \u00f6nskem\u00e5l fr\u00e5n kund, typ av produkt, noggrannhet och antal produkter som skall ing\u00e5, allt i samr\u00e5d med dig och dina \u00f6nskem\u00e5l som n\u00f6jd kund [&hellip;]<\/p>\n","protected":false},"author":1,"featured_media":0,"parent":0,"menu_order":0,"comment_status":"closed","ping_status":"closed","template":"","meta":{"footnotes":""},"class_list":["post-68","page","type-page","status-publish","hentry"],"_links":{"self":[{"href":"https:\/\/silosystem.dk\/sv\/wp-json\/wp\/v2\/pages\/68","targetHints":{"allow":["GET"]}}],"collection":[{"href":"https:\/\/silosystem.dk\/sv\/wp-json\/wp\/v2\/pages"}],"about":[{"href":"https:\/\/silosystem.dk\/sv\/wp-json\/wp\/v2\/types\/page"}],"author":[{"embeddable":true,"href":"https:\/\/silosystem.dk\/sv\/wp-json\/wp\/v2\/users\/1"}],"replies":[{"embeddable":true,"href":"https:\/\/silosystem.dk\/sv\/wp-json\/wp\/v2\/comments?post=68"}],"version-history":[{"count":0,"href":"https:\/\/silosystem.dk\/sv\/wp-json\/wp\/v2\/pages\/68\/revisions"}],"wp:attachment":[{"href":"https:\/\/silosystem.dk\/sv\/wp-json\/wp\/v2\/media?parent=68"}],"curies":[{"name":"wp","href":"https:\/\/api.w.org\/{rel}","templated":true}]}}