{"id":70,"date":"2022-11-15T15:43:11","date_gmt":"2022-11-15T14:43:11","guid":{"rendered":"https:\/\/silosystem.hemhosting.se\/?page_id=70"},"modified":"2022-11-29T15:28:03","modified_gmt":"2022-11-29T14:28:03","slug":"om-oss","status":"publish","type":"page","link":"https:\/\/silosystem.dk\/sv\/om-oss\/","title":{"rendered":"OM OSS"},"content":{"rendered":"\t\t<div data-elementor-type=\"wp-page\" data-elementor-id=\"70\" class=\"elementor elementor-70\" data-elementor-post-type=\"page\">\n\t\t\t\t\t\t<section class=\"elementor-section elementor-top-section elementor-element elementor-element-332b48c elementor-section-boxed elementor-section-height-default elementor-section-height-default\" data-id=\"332b48c\" data-element_type=\"section\" data-settings=\"{&quot;background_background&quot;:&quot;classic&quot;}\">\n\t\t\t\t\t\t<div class=\"elementor-container elementor-column-gap-default\">\n\t\t\t\t\t<div class=\"elementor-column elementor-col-100 elementor-top-column elementor-element elementor-element-ddc3f19\" data-id=\"ddc3f19\" data-element_type=\"column\">\n\t\t\t<div class=\"elementor-widget-wrap elementor-element-populated\">\n\t\t\t\t\t\t<section class=\"elementor-section elementor-inner-section elementor-element elementor-element-62e2051 elementor-section-full_width elementor-section-height-default elementor-section-height-default\" data-id=\"62e2051\" data-element_type=\"section\" data-settings=\"{&quot;background_background&quot;:&quot;classic&quot;}\">\n\t\t\t\t\t\t<div class=\"elementor-container elementor-column-gap-default\">\n\t\t\t\t\t<div class=\"elementor-column elementor-col-50 elementor-inner-column elementor-element elementor-element-7b528d8\" data-id=\"7b528d8\" data-element_type=\"column\">\n\t\t\t<div class=\"elementor-widget-wrap elementor-element-populated\">\n\t\t\t\t\t\t<div class=\"elementor-element elementor-element-e2e9adf elementor-widget elementor-widget-heading\" data-id=\"e2e9adf\" data-element_type=\"widget\" data-widget_type=\"heading.default\">\n\t\t\t\t<div class=\"elementor-widget-container\">\n\t\t\t\t\t<h2 class=\"elementor-heading-title elementor-size-default\">OM OSS<\/h2>\t\t\t\t<\/div>\n\t\t\t\t<\/div>\n\t\t\t\t<div class=\"elementor-element elementor-element-f72ab0d elementor-widget elementor-widget-text-editor\" data-id=\"f72ab0d\" data-element_type=\"widget\" data-widget_type=\"text-editor.default\">\n\t\t\t\t<div class=\"elementor-widget-container\">\n\t\t\t\t\t\t\t\t\t<p>Silo System Norden AB \u00e4r en forts\u00e4ttning p\u00e5 den utveckling och produktion av mj\u00f6lsilos som startade p\u00e5 tidigt 70-tal vid 2E Ellgaard Equipment i R\u00f6dkaersbro, Danmark. D\u00e4r utvecklades och f\u00f6rfinades tekniken f\u00f6r att lagerh\u00e5lla, dosera och v\u00e4ga upp r\u00e5varor f\u00f6r livsmedelsbranchen under mer \u00e4n 40 \u00e5r. Under det tidiga 2000 talet knoppades den del av 2E som tillverkade utrustning f\u00f6r r\u00e5varuhantering av f\u00f6r att renodla den \u00f6vriga verksamheten. Det nya namnet blev d\u00e5 Silo System ApS som drevs vidare av tidigare medarbetare fr\u00e5n 2E Ellgard Equipment, Sedan v\u00e5ren 2016 \u00e4r huvudkontoret placerat i Bor\u00e5s, Sverige och det juridiska namnet \u00e4r Silo System Norden AB.<\/p><p>Produktionen ligger som tidigare fortfarande i R\u00f6dkaersbro, Danmark med samma medarbetare som tidigare.<\/p>\t\t\t\t\t\t\t\t<\/div>\n\t\t\t\t<\/div>\n\t\t\t\t\t<\/div>\n\t\t<\/div>\n\t\t\t\t<div class=\"elementor-column elementor-col-50 elementor-inner-column elementor-element elementor-element-8ddb4c4\" data-id=\"8ddb4c4\" data-element_type=\"column\">\n\t\t\t<div class=\"elementor-widget-wrap elementor-element-populated\">\n\t\t\t\t\t\t<div class=\"elementor-element elementor-element-43b6c31 elementor-widget elementor-widget-image\" data-id=\"43b6c31\" data-element_type=\"widget\" data-widget_type=\"image.default\">\n\t\t\t\t<div class=\"elementor-widget-container\">\n\t\t\t\t\t\t\t\t\t\t\t\t\t\t\t<img fetchpriority=\"high\" decoding=\"async\" width=\"800\" height=\"800\" src=\"https:\/\/silosystem.dk\/wp-content\/uploads\/2022\/11\/luindvalls-silos.jpg\" class=\"attachment-large size-large wp-image-99\" alt=\"\" srcset=\"https:\/\/silosystem.dk\/wp-content\/uploads\/2022\/11\/luindvalls-silos.jpg 900w, https:\/\/silosystem.dk\/wp-content\/uploads\/2022\/11\/luindvalls-silos-300x300.jpg 300w, https:\/\/silosystem.dk\/wp-content\/uploads\/2022\/11\/luindvalls-silos-150x150.jpg 150w, https:\/\/silosystem.dk\/wp-content\/uploads\/2022\/11\/luindvalls-silos-768x768.jpg 768w\" sizes=\"(max-width: 800px) 100vw, 800px\" \/>\t\t\t\t\t\t\t\t\t\t\t\t\t\t\t<\/div>\n\t\t\t\t<\/div>\n\t\t\t\t\t<\/div>\n\t\t<\/div>\n\t\t\t\t\t<\/div>\n\t\t<\/section>\n\t\t\t\t\t<\/div>\n\t\t<\/div>\n\t\t\t\t\t<\/div>\n\t\t<\/section>\n\t\t\t\t<\/div>\n\t\t","protected":false},"excerpt":{"rendered":"<p>OM OSS Silo System Norden AB \u00e4r en forts\u00e4ttning p\u00e5 den utveckling och produktion av mj\u00f6lsilos som startade p\u00e5 tidigt 70-tal vid 2E Ellgaard Equipment i R\u00f6dkaersbro, Danmark. D\u00e4r utvecklades och f\u00f6rfinades tekniken f\u00f6r att lagerh\u00e5lla, dosera och v\u00e4ga upp r\u00e5varor f\u00f6r livsmedelsbranchen under mer \u00e4n 40 \u00e5r. Under det tidiga 2000 talet knoppades den [&hellip;]<\/p>\n","protected":false},"author":1,"featured_media":0,"parent":0,"menu_order":0,"comment_status":"closed","ping_status":"closed","template":"","meta":{"footnotes":""},"class_list":["post-70","page","type-page","status-publish","hentry"],"_links":{"self":[{"href":"https:\/\/silosystem.dk\/sv\/wp-json\/wp\/v2\/pages\/70","targetHints":{"allow":["GET"]}}],"collection":[{"href":"https:\/\/silosystem.dk\/sv\/wp-json\/wp\/v2\/pages"}],"about":[{"href":"https:\/\/silosystem.dk\/sv\/wp-json\/wp\/v2\/types\/page"}],"author":[{"embeddable":true,"href":"https:\/\/silosystem.dk\/sv\/wp-json\/wp\/v2\/users\/1"}],"replies":[{"embeddable":true,"href":"https:\/\/silosystem.dk\/sv\/wp-json\/wp\/v2\/comments?post=70"}],"version-history":[{"count":0,"href":"https:\/\/silosystem.dk\/sv\/wp-json\/wp\/v2\/pages\/70\/revisions"}],"wp:attachment":[{"href":"https:\/\/silosystem.dk\/sv\/wp-json\/wp\/v2\/media?parent=70"}],"curies":[{"name":"wp","href":"https:\/\/api.w.org\/{rel}","templated":true}]}}